{"id":11,"date":"2021-01-19T13:21:15","date_gmt":"2021-01-19T12:21:15","guid":{"rendered":"https:\/\/chantecigale.co\/?page_id=11"},"modified":"2023-11-12T21:27:50","modified_gmt":"2023-11-12T20:27:50","slug":"chante-cigale","status":"publish","type":"page","link":"https:\/\/chantecigale.co\/","title":{"rendered":"Chante Cigale"},"content":{"rendered":"<p>[et_pb_section fb_built=\u00a0\u00bb1&Prime; _builder_version=\u00a0\u00bb4.9.4&Prime; _module_preset=\u00a0\u00bbdefault\u00a0\u00bb background_color=\u00a0\u00bb#fdfbf4&Prime;][et_pb_row _builder_version=\u00a0\u00bb4.9.4&Prime; _module_preset=\u00a0\u00bbdefault\u00a0\u00bb width=\u00a0\u00bb100%\u00a0\u00bb max_width=\u00a0\u00bb100%\u00a0\u00bb border_style_all=\u00a0\u00bbnone\u00a0\u00bb][et_pb_column type=\u00a0\u00bb4_4&Prime; _builder_version=\u00a0\u00bb4.9.0&Prime; _module_preset=\u00a0\u00bbdefault\u00a0\u00bb][et_pb_text _builder_version=\u00a0\u00bb4.9.4&Prime; text_font=\u00a0\u00bbneue regular||||||||\u00a0\u00bb text_text_color=\u00a0\u00bb#000000&Prime; text_font_size=\u00a0\u00bb27px\u00a0\u00bb text_letter_spacing=\u00a0\u00bb1px\u00a0\u00bb text_line_height=\u00a0\u00bb1.2em\u00a0\u00bb text_orientation=\u00a0\u00bbcenter\u00a0\u00bb width=\u00a0\u00bb100%\u00a0\u00bb max_width=\u00a0\u00bb90%\u00a0\u00bb module_alignment=\u00a0\u00bbcenter\u00a0\u00bb custom_padding=\u00a0\u00bb0vh|5%|0vh|5%|true|true\u00a0\u00bb hover_enabled=\u00a0\u00bb0&Prime; border_style_all=\u00a0\u00bbnone\u00a0\u00bb sticky_enabled=\u00a0\u00bb0&Prime;]<\/p>\n<h2>On revient bient\u00f4t !<\/h2>\n<p>Et\u00e9 2024<\/p>\n<p>[\/et_pb_text][\/et_pb_column][\/et_pb_row][\/et_pb_section][et_pb_section fb_built=\u00a0\u00bb1&Prime; _builder_version=\u00a0\u00bb4.9.2&Prime; background_color=\u00a0\u00bb#FDFBF4&Prime; custom_padding=\u00a0\u00bb0px||0px|||\u00a0\u00bb border_width_top=\u00a0\u00bb1px\u00a0\u00bb border_color_top=\u00a0\u00bb#000000&Prime; border_color_bottom=\u00a0\u00bb#000000&Prime;][et_pb_row column_structure=\u00a0\u00bb1_3,1_3,1_3&Prime; use_custom_gutter=\u00a0\u00bbon\u00a0\u00bb gutter_width=\u00a0\u00bb1&Prime; disabled_on=\u00a0\u00bboff|off|off\u00a0\u00bb _builder_version=\u00a0\u00bb4.9.3&Prime; width=\u00a0\u00bb100%\u00a0\u00bb max_width=\u00a0\u00bb100%\u00a0\u00bb module_alignment=\u00a0\u00bbcenter\u00a0\u00bb custom_padding=\u00a0\u00bb0px||0px|||\u00a0\u00bb collapsed=\u00a0\u00bboff\u00a0\u00bb][et_pb_column type=\u00a0\u00bb1_3&Prime; _builder_version=\u00a0\u00bb4.9.3&Prime; border_width_right=\u00a0\u00bb1px\u00a0\u00bb border_width_bottom=\u00a0\u00bb1px\u00a0\u00bb][et_pb_shop type=\u00a0\u00bbproduct_category\u00a0\u00bb posts_number=\u00a0\u00bb1&Prime; include_categories=\u00a0\u00bb42&Prime; columns_number=\u00a0\u00bb1&Prime; icon_hover_color=\u00a0\u00bbRGBA(0,0,0,0)\u00a0\u00bb hover_overlay_color=\u00a0\u00bbRGBA(0,0,0,0)\u00a0\u00bb _builder_version=\u00a0\u00bb4.9.4&Prime; _module_preset=\u00a0\u00bbdefault\u00a0\u00bb title_font=\u00a0\u00bbneue regular||||||||\u00a0\u00bb title_text_align=\u00a0\u00bbleft\u00a0\u00bb title_text_color=\u00a0\u00bb#000000&Prime; title_font_size=\u00a0\u00bb20px\u00a0\u00bb price_font=\u00a0\u00bbneue regular||||||||\u00a0\u00bb price_text_align=\u00a0\u00bbleft\u00a0\u00bb price_text_color=\u00a0\u00bb#000000&Prime; price_font_size=\u00a0\u00bb20px\u00a0\u00bb text_orientation=\u00a0\u00bbcenter\u00a0\u00bb module_alignment=\u00a0\u00bbcenter\u00a0\u00bb custom_margin=\u00a0\u00bb||-15px||false|false\u00a0\u00bb custom_padding=\u00a0\u00bb3%|3%|0%|3%|false|true\u00a0\u00bb border_radii_image=\u00a0\u00bbon|20px|20px|20px|20px\u00a0\u00bb][\/et_pb_shop][\/et_pb_column][et_pb_column type=\u00a0\u00bb1_3&Prime; _builder_version=\u00a0\u00bb4.9.3&Prime; border_width_right=\u00a0\u00bb1px\u00a0\u00bb border_width_bottom=\u00a0\u00bb1px\u00a0\u00bb][et_pb_shop type=\u00a0\u00bbproduct_category\u00a0\u00bb posts_number=\u00a0\u00bb1&Prime; include_categories=\u00a0\u00bb45&Prime; columns_number=\u00a0\u00bb1&Prime; icon_hover_color=\u00a0\u00bbRGBA(0,0,0,0)\u00a0\u00bb hover_overlay_color=\u00a0\u00bbRGBA(0,0,0,0)\u00a0\u00bb _builder_version=\u00a0\u00bb4.9.4&Prime; _module_preset=\u00a0\u00bbdefault\u00a0\u00bb title_font=\u00a0\u00bbneue regular||||||||\u00a0\u00bb title_text_align=\u00a0\u00bbleft\u00a0\u00bb title_text_color=\u00a0\u00bb#000000&Prime; title_font_size=\u00a0\u00bb20px\u00a0\u00bb price_font=\u00a0\u00bbneue regular||||||||\u00a0\u00bb price_text_align=\u00a0\u00bbleft\u00a0\u00bb price_text_color=\u00a0\u00bb#000000&Prime; price_font_size=\u00a0\u00bb20px\u00a0\u00bb text_orientation=\u00a0\u00bbcenter\u00a0\u00bb module_alignment=\u00a0\u00bbcenter\u00a0\u00bb custom_margin=\u00a0\u00bb||-15px||false|false\u00a0\u00bb custom_padding=\u00a0\u00bb3%|3%|0%|3%|false|true\u00a0\u00bb border_radii_image=\u00a0\u00bbon|20px|20px|20px|20px\u00a0\u00bb][\/et_pb_shop][\/et_pb_column][et_pb_column type=\u00a0\u00bb1_3&Prime; _builder_version=\u00a0\u00bb4.9.3&Prime; border_width_right=\u00a0\u00bb1px\u00a0\u00bb border_width_bottom=\u00a0\u00bb1px\u00a0\u00bb][et_pb_shop type=\u00a0\u00bbproduct_category\u00a0\u00bb posts_number=\u00a0\u00bb1&Prime; include_categories=\u00a0\u00bb43&Prime; columns_number=\u00a0\u00bb1&Prime; icon_hover_color=\u00a0\u00bbRGBA(0,0,0,0)\u00a0\u00bb hover_overlay_color=\u00a0\u00bbRGBA(0,0,0,0)\u00a0\u00bb _builder_version=\u00a0\u00bb4.9.4&Prime; _module_preset=\u00a0\u00bbdefault\u00a0\u00bb title_font=\u00a0\u00bbneue regular||||||||\u00a0\u00bb title_text_align=\u00a0\u00bbleft\u00a0\u00bb title_text_color=\u00a0\u00bb#000000&Prime; title_font_size=\u00a0\u00bb20px\u00a0\u00bb price_font=\u00a0\u00bbneue regular||||||||\u00a0\u00bb price_text_align=\u00a0\u00bbleft\u00a0\u00bb price_text_color=\u00a0\u00bb#000000&Prime; price_font_size=\u00a0\u00bb20px\u00a0\u00bb text_orientation=\u00a0\u00bbcenter\u00a0\u00bb module_alignment=\u00a0\u00bbcenter\u00a0\u00bb custom_margin=\u00a0\u00bb||-15px||false|false\u00a0\u00bb custom_padding=\u00a0\u00bb3%|3%|0%|3%|false|true\u00a0\u00bb border_radii_image=\u00a0\u00bbon|20px|20px|20px|20px\u00a0\u00bb][\/et_pb_shop][\/et_pb_column][\/et_pb_row][et_pb_row column_structure=\u00a0\u00bb1_3,1_3,1_3&Prime; use_custom_gutter=\u00a0\u00bbon\u00a0\u00bb gutter_width=\u00a0\u00bb1&Prime; disabled_on=\u00a0\u00bbon|on|on\u00a0\u00bb _builder_version=\u00a0\u00bb4.9.3&Prime; width=\u00a0\u00bb100%\u00a0\u00bb max_width=\u00a0\u00bb100%\u00a0\u00bb module_alignment=\u00a0\u00bbcenter\u00a0\u00bb custom_padding=\u00a0\u00bb0px||0px|||\u00a0\u00bb disabled=\u00a0\u00bbon\u00a0\u00bb][et_pb_column type=\u00a0\u00bb1_3&Prime; _builder_version=\u00a0\u00bb4.9.3&Prime; border_width_right=\u00a0\u00bb1px\u00a0\u00bb border_width_bottom=\u00a0\u00bb1px\u00a0\u00bb][et_pb_shop posts_number=\u00a0\u00bb1&Prime; columns_number=\u00a0\u00bb1&Prime; icon_hover_color=\u00a0\u00bbRGBA(0,0,0,0)\u00a0\u00bb hover_overlay_color=\u00a0\u00bbRGBA(0,0,0,0)\u00a0\u00bb _builder_version=\u00a0\u00bb4.9.4&Prime; _module_preset=\u00a0\u00bbdefault\u00a0\u00bb title_font=\u00a0\u00bbneue regular||||||||\u00a0\u00bb title_text_align=\u00a0\u00bbleft\u00a0\u00bb title_text_color=\u00a0\u00bb#000000&Prime; title_font_size=\u00a0\u00bb20px\u00a0\u00bb price_font=\u00a0\u00bbneue regular||||||||\u00a0\u00bb price_text_align=\u00a0\u00bbleft\u00a0\u00bb price_text_color=\u00a0\u00bb#000000&Prime; price_font_size=\u00a0\u00bb20px\u00a0\u00bb text_orientation=\u00a0\u00bbcenter\u00a0\u00bb module_alignment=\u00a0\u00bbcenter\u00a0\u00bb custom_margin=\u00a0\u00bb||-15px||false|false\u00a0\u00bb custom_padding=\u00a0\u00bb3%|3%|0%|3%|false|true\u00a0\u00bb border_radii_image=\u00a0\u00bbon|20px|20px|20px|20px\u00a0\u00bb][\/et_pb_shop][\/et_pb_column][et_pb_column type=\u00a0\u00bb1_3&Prime; _builder_version=\u00a0\u00bb4.9.3&Prime; border_width_right=\u00a0\u00bb1px\u00a0\u00bb border_width_bottom=\u00a0\u00bb1px\u00a0\u00bb][et_pb_shop type=\u00a0\u00bbproduct_category\u00a0\u00bb posts_number=\u00a0\u00bb1&Prime; include_categories=\u00a0\u00bb36&Prime; columns_number=\u00a0\u00bb1&Prime; icon_hover_color=\u00a0\u00bbRGBA(0,0,0,0)\u00a0\u00bb hover_overlay_color=\u00a0\u00bbRGBA(0,0,0,0)\u00a0\u00bb _builder_version=\u00a0\u00bb4.9.4&Prime; _module_preset=\u00a0\u00bbdefault\u00a0\u00bb title_font=\u00a0\u00bbneue regular||||||||\u00a0\u00bb title_text_align=\u00a0\u00bbleft\u00a0\u00bb title_text_color=\u00a0\u00bb#000000&Prime; title_font_size=\u00a0\u00bb20px\u00a0\u00bb price_font=\u00a0\u00bbneue regular||||||||\u00a0\u00bb price_text_align=\u00a0\u00bbleft\u00a0\u00bb price_text_color=\u00a0\u00bb#000000&Prime; price_font_size=\u00a0\u00bb20px\u00a0\u00bb text_orientation=\u00a0\u00bbcenter\u00a0\u00bb module_alignment=\u00a0\u00bbcenter\u00a0\u00bb custom_margin=\u00a0\u00bb||-15px||false|false\u00a0\u00bb custom_padding=\u00a0\u00bb3%|3%|0%|3%|false|true\u00a0\u00bb border_radii_image=\u00a0\u00bbon|20px|20px|20px|20px\u00a0\u00bb][\/et_pb_shop][\/et_pb_column][et_pb_column type=\u00a0\u00bb1_3&Prime; _builder_version=\u00a0\u00bb4.9.3&Prime; border_width_right=\u00a0\u00bb1px\u00a0\u00bb border_width_bottom=\u00a0\u00bb1px\u00a0\u00bb][et_pb_shop type=\u00a0\u00bbproduct_category\u00a0\u00bb posts_number=\u00a0\u00bb1&Prime; include_categories=\u00a0\u00bb38&Prime; columns_number=\u00a0\u00bb1&Prime; icon_hover_color=\u00a0\u00bbRGBA(0,0,0,0)\u00a0\u00bb hover_overlay_color=\u00a0\u00bbRGBA(0,0,0,0)\u00a0\u00bb _builder_version=\u00a0\u00bb4.9.4&Prime; _module_preset=\u00a0\u00bbdefault\u00a0\u00bb title_font=\u00a0\u00bbneue regular||||||||\u00a0\u00bb title_text_align=\u00a0\u00bbleft\u00a0\u00bb title_text_color=\u00a0\u00bb#000000&Prime; title_font_size=\u00a0\u00bb20px\u00a0\u00bb price_font=\u00a0\u00bbneue regular||||||||\u00a0\u00bb price_text_align=\u00a0\u00bbleft\u00a0\u00bb price_text_color=\u00a0\u00bb#000000&Prime; price_font_size=\u00a0\u00bb20px\u00a0\u00bb text_orientation=\u00a0\u00bbcenter\u00a0\u00bb module_alignment=\u00a0\u00bbcenter\u00a0\u00bb custom_margin=\u00a0\u00bb||-15px||false|false\u00a0\u00bb custom_padding=\u00a0\u00bb3%|3%|0%|3%|false|true\u00a0\u00bb border_radii_image=\u00a0\u00bbon|20px|20px|20px|20px\u00a0\u00bb][\/et_pb_shop][\/et_pb_column][\/et_pb_row][\/et_pb_section][et_pb_section fb_built=\u00a0\u00bb1&Prime; _builder_version=\u00a0\u00bb4.9.3&Prime; _module_preset=\u00a0\u00bbdefault\u00a0\u00bb background_color=\u00a0\u00bb#fdfbf4&Prime; border_width_bottom=\u00a0\u00bb1px\u00a0\u00bb][et_pb_row _builder_version=\u00a0\u00bb4.9.2&Prime; _module_preset=\u00a0\u00bbdefault\u00a0\u00bb width=\u00a0\u00bb100%\u00a0\u00bb max_width=\u00a0\u00bb100%\u00a0\u00bb][et_pb_column type=\u00a0\u00bb4_4&Prime; _builder_version=\u00a0\u00bb4.9.0&Prime; _module_preset=\u00a0\u00bbdefault\u00a0\u00bb][et_pb_text _builder_version=\u00a0\u00bb4.9.4&Prime; text_font=\u00a0\u00bbneue regular||||||||\u00a0\u00bb text_text_color=\u00a0\u00bb#000000&Prime; text_font_size=\u00a0\u00bb27px\u00a0\u00bb text_letter_spacing=\u00a0\u00bb1px\u00a0\u00bb text_line_height=\u00a0\u00bb1.2em\u00a0\u00bb text_orientation=\u00a0\u00bbcenter\u00a0\u00bb width=\u00a0\u00bb100%\u00a0\u00bb max_width=\u00a0\u00bb90%\u00a0\u00bb module_alignment=\u00a0\u00bbcenter\u00a0\u00bb custom_padding=\u00a0\u00bb0vh|5%|0vh|5%|true|true\u00a0\u00bb]<\/p>\n<p style=\"text-align: left;\">Cr\u00e9\u00e9 par amour pour le jeu, ChanteCigale reste avant tout un terrain de Basketball situ\u00e9 dans le sud-ouest de la France. Un espace inspirant,\u00a0nich\u00e9 au milieu des pins, qui aura vu se succ\u00e9der bon nombre de passionn\u00e9(e)s. Le projet a d&rsquo;abord vu le jour sous la forme d&rsquo;un moodboard de pens\u00e9es ; une collection d&rsquo;images d\u00e9limitant l&rsquo;univers de la marque. Aujourd&rsquo;hui, elle agit comme point de d\u00e9part d\u2019une r\u00e9flexion plus artistique autour de la culture du Basketball et du textile.\u00a0Nous proposons un vestiaire de produits simples, mais con\u00e7us avec soin, qui privil\u00e9gient la long\u00e9vit\u00e9 \u00e0 la pertinence momentan\u00e9e.<\/p>\n<p>[\/et_pb_text][\/et_pb_column][\/et_pb_row][\/et_pb_section][et_pb_section fb_built=\u00a0\u00bb1&Prime; _builder_version=\u00a0\u00bb4.9.2&Prime; _module_preset=\u00a0\u00bbdefault\u00a0\u00bb background_color=\u00a0\u00bb#fdfbf4&Prime; custom_padding=\u00a0\u00bb0px||0px|||\u00a0\u00bb border_width_bottom=\u00a0\u00bb1px\u00a0\u00bb border_color_bottom=\u00a0\u00bb#000000&Prime;][et_pb_row _builder_version=\u00a0\u00bb4.9.2&Prime; _module_preset=\u00a0\u00bbdefault\u00a0\u00bb width=\u00a0\u00bb96%\u00a0\u00bb max_width=\u00a0\u00bb96%\u00a0\u00bb][et_pb_column type=\u00a0\u00bb4_4&Prime; _builder_version=\u00a0\u00bb4.9.2&Prime; _module_preset=\u00a0\u00bbdefault\u00a0\u00bb][et_pb_video src=\u00a0\u00bbhttps:\/\/chantecigale.co\/wp-content\/uploads\/2021\/04\/ChanteCigale-1080p.mov\u00a0\u00bb _builder_version=\u00a0\u00bb4.9.3&Prime; _module_preset=\u00a0\u00bbdefault\u00a0\u00bb][\/et_pb_video][\/et_pb_column][\/et_pb_row][\/et_pb_section]<\/p>\n","protected":false},"excerpt":{"rendered":"<p>[et_pb_section fb_built=\u00a0\u00bb1&Prime; _builder_version=\u00a0\u00bb4.9.4&Prime; _module_preset=\u00a0\u00bbdefault\u00a0\u00bb background_color=\u00a0\u00bb#fdfbf4&Prime;][et_pb_row _builder_version=\u00a0\u00bb4.9.4&Prime; _module_preset=\u00a0\u00bbdefault\u00a0\u00bb width=\u00a0\u00bb100%\u00a0\u00bb max_width=\u00a0\u00bb100%\u00a0\u00bb border_style_all=\u00a0\u00bbnone\u00a0\u00bb][et_pb_column type=\u00a0\u00bb4_4&Prime; _builder_version=\u00a0\u00bb4.9.0&Prime; _module_preset=\u00a0\u00bbdefault\u00a0\u00bb][et_pb_text _builder_version=\u00a0\u00bb4.9.4&Prime; text_font=\u00a0\u00bbneue regular||||||||\u00a0\u00bb text_text_color=\u00a0\u00bb#000000&Prime; text_font_size=\u00a0\u00bb27px\u00a0\u00bb text_letter_spacing=\u00a0\u00bb1px\u00a0\u00bb text_line_height=\u00a0\u00bb1.2em\u00a0\u00bb text_orientation=\u00a0\u00bbcenter\u00a0\u00bb width=\u00a0\u00bb100%\u00a0\u00bb max_width=\u00a0\u00bb90%\u00a0\u00bb module_alignment=\u00a0\u00bbcenter\u00a0\u00bb custom_padding=\u00a0\u00bb0vh|5%|0vh|5%|true|true\u00a0\u00bb hover_enabled=\u00a0\u00bb0&Prime; border_style_all=\u00a0\u00bbnone\u00a0\u00bb sticky_enabled=\u00a0\u00bb0&Prime;] On revient bient\u00f4t ! Et\u00e9 2024 [\/et_pb_text][\/et_pb_column][\/et_pb_row][\/et_pb_section][et_pb_section fb_built=\u00a0\u00bb1&Prime; _builder_version=\u00a0\u00bb4.9.2&Prime; background_color=\u00a0\u00bb#FDFBF4&Prime; custom_padding=\u00a0\u00bb0px||0px|||\u00a0\u00bb border_width_top=\u00a0\u00bb1px\u00a0\u00bb border_color_top=\u00a0\u00bb#000000&Prime; border_color_bottom=\u00a0\u00bb#000000&Prime;][et_pb_row column_structure=\u00a0\u00bb1_3,1_3,1_3&Prime; use_custom_gutter=\u00a0\u00bbon\u00a0\u00bb gutter_width=\u00a0\u00bb1&Prime; disabled_on=\u00a0\u00bboff|off|off\u00a0\u00bb _builder_version=\u00a0\u00bb4.9.3&Prime; width=\u00a0\u00bb100%\u00a0\u00bb max_width=\u00a0\u00bb100%\u00a0\u00bb module_alignment=\u00a0\u00bbcenter\u00a0\u00bb custom_padding=\u00a0\u00bb0px||0px|||\u00a0\u00bb collapsed=\u00a0\u00bboff\u00a0\u00bb][et_pb_column type=\u00a0\u00bb1_3&Prime; _builder_version=\u00a0\u00bb4.9.3&Prime; border_width_right=\u00a0\u00bb1px\u00a0\u00bb [&hellip;]<\/p>\n","protected":false},"author":1,"featured_media":0,"parent":0,"menu_order":0,"comment_status":"closed","ping_status":"closed","template":"","meta":{"_et_pb_use_builder":"on","_et_pb_old_content":"","_et_gb_content_width":""},"_links":{"self":[{"href":"https:\/\/chantecigale.co\/index.php\/wp-json\/wp\/v2\/pages\/11"}],"collection":[{"href":"https:\/\/chantecigale.co\/index.php\/wp-json\/wp\/v2\/pages"}],"about":[{"href":"https:\/\/chantecigale.co\/index.php\/wp-json\/wp\/v2\/types\/page"}],"author":[{"embeddable":true,"href":"https:\/\/chantecigale.co\/index.php\/wp-json\/wp\/v2\/users\/1"}],"replies":[{"embeddable":true,"href":"https:\/\/chantecigale.co\/index.php\/wp-json\/wp\/v2\/comments?post=11"}],"version-history":[{"count":178,"href":"https:\/\/chantecigale.co\/index.php\/wp-json\/wp\/v2\/pages\/11\/revisions"}],"predecessor-version":[{"id":1821,"href":"https:\/\/chantecigale.co\/index.php\/wp-json\/wp\/v2\/pages\/11\/revisions\/1821"}],"wp:attachment":[{"href":"https:\/\/chantecigale.co\/index.php\/wp-json\/wp\/v2\/media?parent=11"}],"curies":[{"name":"wp","href":"https:\/\/api.w.org\/{rel}","templated":true}]}}